{"id":1419,"date":"2016-02-08T16:53:54","date_gmt":"2016-02-08T15:53:54","guid":{"rendered":"http:\/\/priemabv.nl\/de\/nieuws\/"},"modified":"2018-03-25T10:02:19","modified_gmt":"2018-03-25T09:02:19","slug":"aktuelles","status":"publish","type":"page","link":"https:\/\/priemabv.nl\/de\/aktuelles\/","title":{"rendered":"Aktuelles"},"content":{"rendered":"<p>[et_pb_section bb_built=&#8220;1&#8243; fullwidth=&#8220;on&#8220; specialty=&#8220;off&#8220; background_image=&#8220;https:\/\/priemabv.nl\/wp-content\/uploads\/2016\/02\/afbeelding-machinepark.jpg&#8220; transparent_background=&#8220;off&#8220; allow_player_pause=&#8220;off&#8220; inner_shadow=&#8220;off&#8220; parallax=&#8220;off&#8220; parallax_method=&#8220;off&#8220; padding_mobile=&#8220;off&#8220; make_fullwidth=&#8220;off&#8220; use_custom_width=&#8220;off&#8220; width_unit=&#8220;on&#8220; make_equal=&#8220;off&#8220; use_custom_gutter=&#8220;off&#8220; custom_padding_tablet=&#8220;50px|0|50px|0&#8243; custom_padding_last_edited=&#8220;on|desktop&#8220; prev_background_color=&#8220;#000000&#8243; next_background_color=&#8220;#ffffff&#8220;][et_pb_fullwidth_header admin_label=&#8220;Kop met beeld&#8220; title=&#8220;Nachrichten und Messen&#8220; background_layout=&#8220;dark&#8220; text_orientation=&#8220;center&#8220; header_fullscreen=&#8220;off&#8220; header_scroll_down=&#8220;off&#8220; parallax=&#8220;off&#8220; parallax_method=&#8220;off&#8220; content_orientation=&#8220;center&#8220; image_orientation=&#8220;center&#8220; title_font_color=&#8220;#ffffff&#8220; title_font_size=&#8220;60px&#8220; title_font_size_tablet=&#8220;40px&#8220; title_font_size_phone=&#8220;30px&#8220; title_font_size_last_edited=&#8220;on|phone&#8220; custom_button_one=&#8220;off&#8220; button_one_letter_spacing=&#8220;0&#8243; button_one_use_icon=&#8220;default&#8220; button_one_icon_placement=&#8220;right&#8220; button_one_on_hover=&#8220;on&#8220; button_one_letter_spacing_hover=&#8220;0&#8243; custom_button_two=&#8220;off&#8220; button_two_letter_spacing=&#8220;0&#8243; button_two_use_icon=&#8220;default&#8220; button_two_icon_placement=&#8220;right&#8220; button_two_on_hover=&#8220;on&#8220; button_two_letter_spacing_hover=&#8220;0&#8243; custom_css_title=&#8220;font-weight:200;&#8220; title_text_color=&#8220;#ffffff&#8220; _builder_version=&#8220;3.0.106&#8243;]<\/p>\n<p>&nbsp;<\/p>\n<p>[\/et_pb_fullwidth_header][\/et_pb_section][et_pb_section bb_built=&#8220;1&#8243; fullwidth=&#8220;off&#8220; specialty=&#8220;off&#8220; transparent_background=&#8220;off&#8220; allow_player_pause=&#8220;off&#8220; inner_shadow=&#8220;on&#8220; parallax=&#8220;off&#8220; parallax_method=&#8220;off&#8220; padding_mobile=&#8220;off&#8220; make_fullwidth=&#8220;off&#8220; use_custom_width=&#8220;off&#8220; width_unit=&#8220;on&#8220; make_equal=&#8220;off&#8220; use_custom_gutter=&#8220;off&#8220; custom_padding_tablet=&#8220;50px|0|50px|0&#8243; custom_padding_last_edited=&#8220;on|desktop&#8220; prev_background_color=&#8220;#ffffff&#8220; next_background_color=&#8220;#ffffff&#8220;][et_pb_row background_position=&#8220;top_left&#8220; background_repeat=&#8220;repeat&#8220; background_size=&#8220;initial&#8220;][et_pb_column type=&#8220;2_3&#8243;][et_pb_blog fullwidth=&#8220;on&#8220; posts_number=&#8220;5&#8243; meta_date=&#8220;j F Y&#8220; show_thumbnail=&#8220;on&#8220; show_content=&#8220;on&#8220; show_more=&#8220;off&#8220; show_author=&#8220;off&#8220; show_date=&#8220;on&#8220; show_categories=&#8220;off&#8220; show_comments=&#8220;off&#8220; show_pagination=&#8220;on&#8220; use_overlay=&#8220;off&#8220; background_layout=&#8220;light&#8220; use_border_color=&#8220;off&#8220; custom_css_main_element=&#8220;font-weight:300;&#8220; custom_css_title=&#8220;font-weight:200;&#8220; _builder_version=&#8220;3.0.106&#8243; pagination_font_size_tablet=&#8220;51&#8243; pagination_line_height_tablet=&#8220;2&#8243;]<\/p>\n<p>&nbsp;<\/p>\n<p>[\/et_pb_blog][\/et_pb_column][et_pb_column type=&#8220;1_3&#8243;][et_pb_sidebar orientation=&#8220;right&#8220; area=&#8220;sidebar-1&#8243; background_layout=&#8220;light&#8220; remove_border=&#8220;off&#8220; custom_css_widget=&#8220;font-weight:300;&#8220; custom_css_title=&#8220;font-weight:300;&#8220; header_font_size=&#8220;20&#8243; header_text_color=&#8220;#1e8acb&#8220; show_border=&#8220;on&#8220;]<\/p>\n<p>&nbsp;<\/p>\n<p>[\/et_pb_sidebar][\/et_pb_column][\/et_pb_row][\/et_pb_section][et_pb_section bb_built=&#8220;1&#8243; fullwidth=&#8220;off&#8220; specialty=&#8220;off&#8220; transparent_background=&#8220;off&#8220; allow_player_pause=&#8220;off&#8220; inner_shadow=&#8220;off&#8220; parallax=&#8220;off&#8220; parallax_method=&#8220;off&#8220; padding_mobile=&#8220;off&#8220; make_fullwidth=&#8220;off&#8220; use_custom_width=&#8220;off&#8220; width_unit=&#8220;on&#8220; make_equal=&#8220;off&#8220; use_custom_gutter=&#8220;off&#8220; custom_padding_tablet=&#8220;50px|0|50px|0&#8243; custom_padding_last_edited=&#8220;on|desktop&#8220; prev_background_color=&#8220;#ffffff&#8220; next_background_color=&#8220;#000000&#8243;][et_pb_row make_fullwidth=&#8220;off&#8220; use_custom_width=&#8220;off&#8220; width_unit=&#8220;on&#8220; use_custom_gutter=&#8220;off&#8220; padding_mobile=&#8220;off&#8220; allow_player_pause=&#8220;off&#8220; parallax=&#8220;off&#8220; parallax_method=&#8220;off&#8220; make_equal=&#8220;off&#8220; parallax_1=&#8220;off&#8220; parallax_method_1=&#8220;off&#8220; column_padding_mobile=&#8220;on&#8220; background_position=&#8220;top_left&#8220; background_repeat=&#8220;repeat&#8220; background_size=&#8220;initial&#8220;][et_pb_column type=&#8220;4_4&#8243;][et_pb_text admin_label=&#8220;Titel contactformulier&#8220; background_layout=&#8220;light&#8220; text_orientation=&#8220;center&#8220; text_font_size=&#8220;40&#8243; text_font_size_tablet=&#8220;28&#8243; text_font_size_phone=&#8220;18&#8243; text_font_size_last_edited=&#8220;on|phone&#8220; text_text_color=&#8220;#1889ca&#8220; text_line_height=&#8220;1.3em&#8220; use_border_color=&#8220;off&#8220; border_color=&#8220;#ffffff&#8220; border_style=&#8220;solid&#8220; custom_css_main_element=&#8220;font-weight:200;&#8220; background_position=&#8220;top_left&#8220; background_repeat=&#8220;repeat&#8220; background_size=&#8220;initial&#8220; module_alignment=&#8220;center&#8220;]<\/p>\n<p>M\u00f6chten Sie mehr \u00fcber Priema erfahren?<br \/>\nF\u00fcllen Sie das Kontaktformular aus:<\/p>\n<p>[\/et_pb_text][et_pb_contact_form captcha=&#8220;on&#8220; email=&#8220;info@priemabv.nl&#8220; use_redirect=&#8220;off&#8220; success_message=&#8220;Wir haben ihr Versuch empfangen. Wir kontaktieren sie bald.&#8220; form_background_color=&#8220;#e6e6e6&#8243; input_border_radius=&#8220;1&#8243; form_field_font_size=&#8220;20&#8243; form_field_font_size_tablet=&#8220;18&#8243; form_field_font_size_phone=&#8220;14&#8243; form_field_font_size_last_edited=&#8220;on|phone&#8220; form_field_text_color=&#8220;#616161&#8243; use_border_color=&#8220;off&#8220; border_color=&#8220;#ffffff&#8220; border_style=&#8220;solid&#8220; custom_button=&#8220;on&#8220; button_text_color=&#8220;#1889ca&#8220; button_bg_color=&#8220;rgba(255,255,255,0)&#8220; button_border_width=&#8220;1&#8243; button_border_color=&#8220;#1889ca&#8220; button_letter_spacing=&#8220;0&#8243; button_use_icon=&#8220;default&#8220; button_icon_color=&#8220;#1889ca&#8220; button_icon_placement=&#8220;right&#8220; button_on_hover=&#8220;on&#8220; button_text_color_hover=&#8220;rgba(0,127,201,0.8)&#8220; button_bg_color_hover=&#8220;#ffffff&#8220; button_border_color_hover=&#8220;rgba(0,127,201,0.8)&#8220; button_letter_spacing_hover=&#8220;0&#8243; custom_css_contact_fields=&#8220;font-family: &#8218;Titillium Web&#8216;, sans-serif; ||font-weight:300;&#8220; custom_css_text_field=&#8220;font-family: &#8218;Titillium Web&#8216;, sans-serif; ||font-weight:300;&#8220; custom_css_captcha_field=&#8220;font-family: &#8218;Titillium Web&#8216;, sans-serif; ||font-weight:300;||font-size:20px;&#8220; custom_css_captcha_label=&#8220;font-family: &#8218;Titillium Web&#8216;, sans-serif; ||font-weight:300;||font-size:20px;&#8220; custom_css_contact_button=&#8220;padding: 10px;||width: 190px;||&#8220; border_radii=&#8220;on|1px|1px|1px|1px&#8220;][et_pb_contact_field field_title=&#8220;Name&#8220; field_type=&#8220;input&#8220; field_id=&#8220;Naam&#8220; required_mark=&#8220;on&#8220; fullwidth_field=&#8220;off&#8220; form_field_font_select=&#8220;default&#8220; form_field_font=&#8220;||||&#8220; use_border_color=&#8220;off&#8220; border_style=&#8220;solid&#8220; input_border_radius=&#8220;0&#8243; custom_css_main_element=&#8220;font-family: &#8218;Titillium Web&#8216;, sans-serif !important; font-weight:300;&#8220;] [\/et_pb_contact_field][et_pb_contact_field field_title=&#8220;E-Mail-Adresse&#8220; field_type=&#8220;email&#8220; field_id=&#8220;Email&#8220; required_mark=&#8220;on&#8220; fullwidth_field=&#8220;off&#8220; form_field_font_select=&#8220;default&#8220; form_field_font=&#8220;||||&#8220; use_border_color=&#8220;off&#8220; border_style=&#8220;solid&#8220; input_border_radius=&#8220;0&#8243; custom_css_main_element=&#8220;font-family: &#8218;Titillium Web&#8216;, sans-serif; font-weight:200;&#8220;] [\/et_pb_contact_field][et_pb_contact_field field_title=&#8220;Nachricht &#8220; field_type=&#8220;text&#8220; field_id=&#8220;Nachricht &#8220; required_mark=&#8220;on&#8220; fullwidth_field=&#8220;on&#8220; form_field_font_select=&#8220;default&#8220; form_field_font=&#8220;||||&#8220; use_border_color=&#8220;off&#8220; border_style=&#8220;solid&#8220; input_border_radius=&#8220;0&#8243;] [\/et_pb_contact_field][\/et_pb_contact_form][\/et_pb_column][\/et_pb_row][\/et_pb_section]<\/p>\n","protected":false},"excerpt":{"rendered":"<p>&nbsp; &nbsp; &nbsp; M\u00f6chten Sie mehr \u00fcber Priema erfahren? F\u00fcllen Sie das Kontaktformular aus:<\/p>\n","protected":false},"author":1,"featured_media":0,"parent":0,"menu_order":0,"comment_status":"closed","ping_status":"closed","template":"","meta":{"_et_pb_use_builder":"on","_et_pb_old_content":"","_et_gb_content_width":"","footnotes":""},"class_list":["post-1419","page","type-page","status-publish","hentry"],"yoast_head":"<!-- This site is optimized with the Yoast SEO plugin v27.4 - https:\/\/yoast.com\/product\/yoast-seo-wordpress\/ -->\n<title>Aktuelles Priema BV<\/title>\n<meta name=\"description\" content=\"M\u00f6chten Sie mehr \u00fcber Priema erfahren? Wenden Sie sich an unseren Hauptsitz in Hoevelaken: +31-(0)33-2536804.\" \/>\n<meta name=\"robots\" content=\"index, follow, max-snippet:-1, max-image-preview:large, max-video-preview:-1\" \/>\n<link rel=\"canonical\" href=\"https:\/\/priemabv.nl\/de\/aktuelles\/\" \/>\n<meta property=\"og:locale\" content=\"de_DE\" \/>\n<meta property=\"og:type\" content=\"article\" \/>\n<meta property=\"og:title\" content=\"Aktuelles Priema BV\" \/>\n<meta property=\"og:description\" content=\"M\u00f6chten Sie mehr \u00fcber Priema erfahren? Wenden Sie sich an unseren Hauptsitz in Hoevelaken: +31-(0)33-2536804.\" \/>\n<meta property=\"og:url\" content=\"https:\/\/priemabv.nl\/de\/aktuelles\/\" \/>\n<meta property=\"og:site_name\" content=\"Priema BV\" \/>\n<meta property=\"article:modified_time\" content=\"2018-03-25T09:02:19+00:00\" \/>\n<meta property=\"og:image\" content=\"https:\/\/priemabv.nl\/wp-content\/uploads\/2016\/02\/logo.png\" \/>\n\t<meta property=\"og:image:width\" content=\"157\" \/>\n\t<meta property=\"og:image:height\" content=\"42\" \/>\n\t<meta property=\"og:image:type\" content=\"image\/png\" \/>\n<meta name=\"twitter:card\" content=\"summary_large_image\" \/>\n<meta name=\"twitter:label1\" content=\"Gesch\u00e4tzte Lesezeit\" \/>\n\t<meta name=\"twitter:data1\" content=\"5\u00a0Minuten\" \/>\n<script type=\"application\/ld+json\" class=\"yoast-schema-graph\">{\"@context\":\"https:\\\/\\\/schema.org\",\"@graph\":[{\"@type\":\"WebPage\",\"@id\":\"https:\\\/\\\/priemabv.nl\\\/de\\\/aktuelles\\\/\",\"url\":\"https:\\\/\\\/priemabv.nl\\\/de\\\/aktuelles\\\/\",\"name\":\"Aktuelles Priema BV\",\"isPartOf\":{\"@id\":\"https:\\\/\\\/priemabv.nl\\\/de\\\/#website\"},\"datePublished\":\"2016-02-08T15:53:54+00:00\",\"dateModified\":\"2018-03-25T09:02:19+00:00\",\"description\":\"M\u00f6chten Sie mehr \u00fcber Priema erfahren? Wenden Sie sich an unseren Hauptsitz in Hoevelaken: +31-(0)33-2536804.\",\"breadcrumb\":{\"@id\":\"https:\\\/\\\/priemabv.nl\\\/de\\\/aktuelles\\\/#breadcrumb\"},\"inLanguage\":\"de\",\"potentialAction\":[{\"@type\":\"ReadAction\",\"target\":[\"https:\\\/\\\/priemabv.nl\\\/de\\\/aktuelles\\\/\"]}]},{\"@type\":\"BreadcrumbList\",\"@id\":\"https:\\\/\\\/priemabv.nl\\\/de\\\/aktuelles\\\/#breadcrumb\",\"itemListElement\":[{\"@type\":\"ListItem\",\"position\":1,\"name\":\"Home\",\"item\":\"https:\\\/\\\/priemabv.nl\\\/de\\\/\"},{\"@type\":\"ListItem\",\"position\":2,\"name\":\"Aktuelles\"}]},{\"@type\":\"WebSite\",\"@id\":\"https:\\\/\\\/priemabv.nl\\\/de\\\/#website\",\"url\":\"https:\\\/\\\/priemabv.nl\\\/de\\\/\",\"name\":\"Priema BV\",\"description\":\" Toeleverancier die gespecialiseerd is in het dieptrekken, samenstellen en stansen van metalen producten.\",\"publisher\":{\"@id\":\"https:\\\/\\\/priemabv.nl\\\/de\\\/#organization\"},\"potentialAction\":[{\"@type\":\"SearchAction\",\"target\":{\"@type\":\"EntryPoint\",\"urlTemplate\":\"https:\\\/\\\/priemabv.nl\\\/de\\\/?s={search_term_string}\"},\"query-input\":{\"@type\":\"PropertyValueSpecification\",\"valueRequired\":true,\"valueName\":\"search_term_string\"}}],\"inLanguage\":\"de\"},{\"@type\":\"Organization\",\"@id\":\"https:\\\/\\\/priemabv.nl\\\/de\\\/#organization\",\"name\":\"Priema BV\",\"url\":\"https:\\\/\\\/priemabv.nl\\\/de\\\/\",\"logo\":{\"@type\":\"ImageObject\",\"inLanguage\":\"de\",\"@id\":\"https:\\\/\\\/priemabv.nl\\\/de\\\/#\\\/schema\\\/logo\\\/image\\\/\",\"url\":\"https:\\\/\\\/priemabv.nl\\\/wp-content\\\/uploads\\\/2016\\\/02\\\/facvicon-priemabv.png\",\"contentUrl\":\"https:\\\/\\\/priemabv.nl\\\/wp-content\\\/uploads\\\/2016\\\/02\\\/facvicon-priemabv.png\",\"width\":157,\"height\":157,\"caption\":\"Priema BV\"},\"image\":{\"@id\":\"https:\\\/\\\/priemabv.nl\\\/de\\\/#\\\/schema\\\/logo\\\/image\\\/\"},\"sameAs\":[\"https:\\\/\\\/www.linkedin.com\\\/company\\\/priema-bv\",\"https:\\\/\\\/www.youtube.com\\\/user\\\/priemabv\"]}]}<\/script>\n<!-- \/ Yoast SEO plugin. -->","yoast_head_json":{"title":"Aktuelles Priema BV","description":"M\u00f6chten Sie mehr \u00fcber Priema erfahren? Wenden Sie sich an unseren Hauptsitz in Hoevelaken: +31-(0)33-2536804.","robots":{"index":"index","follow":"follow","max-snippet":"max-snippet:-1","max-image-preview":"max-image-preview:large","max-video-preview":"max-video-preview:-1"},"canonical":"https:\/\/priemabv.nl\/de\/aktuelles\/","og_locale":"de_DE","og_type":"article","og_title":"Aktuelles Priema BV","og_description":"M\u00f6chten Sie mehr \u00fcber Priema erfahren? Wenden Sie sich an unseren Hauptsitz in Hoevelaken: +31-(0)33-2536804.","og_url":"https:\/\/priemabv.nl\/de\/aktuelles\/","og_site_name":"Priema BV","article_modified_time":"2018-03-25T09:02:19+00:00","og_image":[{"width":157,"height":42,"url":"https:\/\/priemabv.nl\/wp-content\/uploads\/2016\/02\/logo.png","type":"image\/png"}],"twitter_card":"summary_large_image","twitter_misc":{"Gesch\u00e4tzte Lesezeit":"5\u00a0Minuten"},"schema":{"@context":"https:\/\/schema.org","@graph":[{"@type":"WebPage","@id":"https:\/\/priemabv.nl\/de\/aktuelles\/","url":"https:\/\/priemabv.nl\/de\/aktuelles\/","name":"Aktuelles Priema BV","isPartOf":{"@id":"https:\/\/priemabv.nl\/de\/#website"},"datePublished":"2016-02-08T15:53:54+00:00","dateModified":"2018-03-25T09:02:19+00:00","description":"M\u00f6chten Sie mehr \u00fcber Priema erfahren? Wenden Sie sich an unseren Hauptsitz in Hoevelaken: +31-(0)33-2536804.","breadcrumb":{"@id":"https:\/\/priemabv.nl\/de\/aktuelles\/#breadcrumb"},"inLanguage":"de","potentialAction":[{"@type":"ReadAction","target":["https:\/\/priemabv.nl\/de\/aktuelles\/"]}]},{"@type":"BreadcrumbList","@id":"https:\/\/priemabv.nl\/de\/aktuelles\/#breadcrumb","itemListElement":[{"@type":"ListItem","position":1,"name":"Home","item":"https:\/\/priemabv.nl\/de\/"},{"@type":"ListItem","position":2,"name":"Aktuelles"}]},{"@type":"WebSite","@id":"https:\/\/priemabv.nl\/de\/#website","url":"https:\/\/priemabv.nl\/de\/","name":"Priema BV","description":" Toeleverancier die gespecialiseerd is in het dieptrekken, samenstellen en stansen van metalen producten.","publisher":{"@id":"https:\/\/priemabv.nl\/de\/#organization"},"potentialAction":[{"@type":"SearchAction","target":{"@type":"EntryPoint","urlTemplate":"https:\/\/priemabv.nl\/de\/?s={search_term_string}"},"query-input":{"@type":"PropertyValueSpecification","valueRequired":true,"valueName":"search_term_string"}}],"inLanguage":"de"},{"@type":"Organization","@id":"https:\/\/priemabv.nl\/de\/#organization","name":"Priema BV","url":"https:\/\/priemabv.nl\/de\/","logo":{"@type":"ImageObject","inLanguage":"de","@id":"https:\/\/priemabv.nl\/de\/#\/schema\/logo\/image\/","url":"https:\/\/priemabv.nl\/wp-content\/uploads\/2016\/02\/facvicon-priemabv.png","contentUrl":"https:\/\/priemabv.nl\/wp-content\/uploads\/2016\/02\/facvicon-priemabv.png","width":157,"height":157,"caption":"Priema BV"},"image":{"@id":"https:\/\/priemabv.nl\/de\/#\/schema\/logo\/image\/"},"sameAs":["https:\/\/www.linkedin.com\/company\/priema-bv","https:\/\/www.youtube.com\/user\/priemabv"]}]}},"_links":{"self":[{"href":"https:\/\/priemabv.nl\/de\/wp-json\/wp\/v2\/pages\/1419","targetHints":{"allow":["GET"]}}],"collection":[{"href":"https:\/\/priemabv.nl\/de\/wp-json\/wp\/v2\/pages"}],"about":[{"href":"https:\/\/priemabv.nl\/de\/wp-json\/wp\/v2\/types\/page"}],"author":[{"embeddable":true,"href":"https:\/\/priemabv.nl\/de\/wp-json\/wp\/v2\/users\/1"}],"replies":[{"embeddable":true,"href":"https:\/\/priemabv.nl\/de\/wp-json\/wp\/v2\/comments?post=1419"}],"version-history":[{"count":0,"href":"https:\/\/priemabv.nl\/de\/wp-json\/wp\/v2\/pages\/1419\/revisions"}],"wp:attachment":[{"href":"https:\/\/priemabv.nl\/de\/wp-json\/wp\/v2\/media?parent=1419"}],"curies":[{"name":"wp","href":"https:\/\/api.w.org\/{rel}","templated":true}]}}