{"id":1416,"date":"2016-02-08T16:54:10","date_gmt":"2016-02-08T15:54:10","guid":{"rendered":"http:\/\/priemabv.nl\/de\/vacatures\/"},"modified":"2016-05-09T13:17:55","modified_gmt":"2016-05-09T12:17:55","slug":"stellenangebote","status":"publish","type":"page","link":"https:\/\/priemabv.nl\/de\/stellenangebote\/","title":{"rendered":"Stellenangebote"},"content":{"rendered":"<p>[et_pb_section admin_label=&#8220;Sectie&#8220; fullwidth=&#8220;on&#8220; specialty=&#8220;off&#8220; background_image=&#8220;https:\/\/priemabv.nl\/wp-content\/uploads\/2016\/02\/afbeelding-machinepark.jpg&#8220; transparent_background=&#8220;off&#8220; allow_player_pause=&#8220;off&#8220; inner_shadow=&#8220;off&#8220; parallax=&#8220;off&#8220; parallax_method=&#8220;off&#8220; padding_mobile=&#8220;off&#8220; make_fullwidth=&#8220;off&#8220; use_custom_width=&#8220;off&#8220; width_unit=&#8220;on&#8220; make_equal=&#8220;off&#8220; use_custom_gutter=&#8220;off&#8220;][et_pb_fullwidth_header admin_label=&#8220;Kop met beeld&#8220; title=&#8220;Arbeiten bei Priema&#8220; background_layout=&#8220;dark&#8220; text_orientation=&#8220;center&#8220; header_fullscreen=&#8220;off&#8220; header_scroll_down=&#8220;off&#8220; parallax=&#8220;off&#8220; parallax_method=&#8220;off&#8220; content_orientation=&#8220;center&#8220; image_orientation=&#8220;center&#8220; title_font_color=&#8220;#ffffff&#8220; title_font_size=&#8220;60px&#8220; title_font_size_tablet=&#8220;40px&#8220; title_font_size_phone=&#8220;30px&#8220; title_font_size_last_edited=&#8220;on|phone&#8220; custom_button_one=&#8220;off&#8220; button_one_letter_spacing=&#8220;0&#8243; button_one_use_icon=&#8220;default&#8220; button_one_icon_placement=&#8220;right&#8220; button_one_on_hover=&#8220;on&#8220; button_one_letter_spacing_hover=&#8220;0&#8243; custom_button_two=&#8220;off&#8220; button_two_letter_spacing=&#8220;0&#8243; button_two_use_icon=&#8220;default&#8220; button_two_icon_placement=&#8220;right&#8220; button_two_on_hover=&#8220;on&#8220; button_two_letter_spacing_hover=&#8220;0&#8243; custom_css_title=&#8220;font-weight:200;&#8220;] [\/et_pb_fullwidth_header][\/et_pb_section][et_pb_section admin_label=&#8220;section&#8220; transparent_background=&#8220;off&#8220; allow_player_pause=&#8220;off&#8220; inner_shadow=&#8220;off&#8220; parallax=&#8220;off&#8220; parallax_method=&#8220;off&#8220; padding_mobile=&#8220;off&#8220; make_fullwidth=&#8220;off&#8220; use_custom_width=&#8220;off&#8220; width_unit=&#8220;on&#8220; make_equal=&#8220;off&#8220; use_custom_gutter=&#8220;off&#8220; module_id=&#8220;vacatures&#8220;][et_pb_row admin_label=&#8220;Rij&#8220;][et_pb_column type=&#8220;4_4&#8243;][et_pb_text admin_label=&#8220;Titel Priema groeit!&#8220; background_layout=&#8220;light&#8220; text_orientation=&#8220;left&#8220; text_font_size=&#8220;48&#8243; text_font_size_tablet=&#8220;30&#8243; text_font_size_phone=&#8220;22&#8243; text_font_size_last_edited=&#8220;on|phone&#8220; text_text_color=&#8220;#1d8acb&#8220; use_border_color=&#8220;off&#8220; border_color=&#8220;#ffffff&#8220; border_style=&#8220;solid&#8220; custom_css_main_element=&#8220;font-weight:200;&#8220; text_line_height=&#8220;1.5em&#8220;] Priema baut aus! [\/et_pb_text][et_pb_text admin_label=&#8220;Intro&#8220; background_layout=&#8220;light&#8220; text_orientation=&#8220;left&#8220; text_font_size=&#8220;18&#8243; text_font_size_tablet=&#8220;16&#8243; text_font_size_phone=&#8220;12&#8243; text_font_size_last_edited=&#8220;on|phone&#8220; text_text_color=&#8220;#3f3f3f&#8220; text_line_height=&#8220;1.5em&#8220; use_border_color=&#8220;off&#8220; border_color=&#8220;#ffffff&#8220; border_style=&#8220;solid&#8220; custom_css_main_element=&#8220;font-weight:300;||&#8220;]<\/p>\n<p>Bei Priema arbeiten Sie in einer gesunden und anspruchsvollen Organisation. Unser Team aus 170\u00a0engagierten Kollegen verb\u00fcrgt sich f\u00fcr Qualit\u00e4t. In Teamarbeit realisieren wir die st\u00e4ndige Verbesserung unserer Teile und Prozesse.<\/p>\n<p>[\/et_pb_text][\/et_pb_column][\/et_pb_row][et_pb_row admin_label=&#8220;Rij&#8220;][et_pb_column type=&#8220;4_4&#8243;][et_pb_divider admin_label=&#8220;Verdeler&#8220; color=&#8220;#d6d9db&#8220; show_divider=&#8220;on&#8220; divider_style=&#8220;solid&#8220; divider_position=&#8220;top&#8220; hide_on_mobile=&#8220;on&#8220;] [\/et_pb_divider][\/et_pb_column][\/et_pb_row][et_pb_row admin_label=&#8220;Rij&#8220;][et_pb_column type=&#8220;2_3&#8243;][et_pb_text admin_label=&#8220;Titel Onze vacatures&#8220; background_layout=&#8220;light&#8220; text_orientation=&#8220;left&#8220; text_font_size=&#8220;32&#8243; text_font_size_tablet=&#8220;26&#8243; text_font_size_phone=&#8220;22&#8243; text_font_size_last_edited=&#8220;on|phone&#8220; text_text_color=&#8220;#1d8acb&#8220; use_border_color=&#8220;off&#8220; border_color=&#8220;#ffffff&#8220; border_style=&#8220;solid&#8220; custom_css_main_element=&#8220;font-weight:200;&#8220; text_line_height=&#8220;1.5em&#8220;] Unsere Stellenangebote [\/et_pb_text][et_pb_text admin_label=&#8220;Tekst&#8220; background_layout=&#8220;light&#8220; text_orientation=&#8220;left&#8220; text_font_size=&#8220;18&#8243; text_font_size_tablet=&#8220;16&#8243; text_font_size_phone=&#8220;12&#8243; text_font_size_last_edited=&#8220;on|phone&#8220; text_text_color=&#8220;#3f3f3f&#8220; text_line_height=&#8220;1.5em&#8220; use_border_color=&#8220;off&#8220; border_color=&#8220;#ffffff&#8220; border_style=&#8220;solid&#8220; custom_css_main_element=&#8220;font-weight:300;||&#8220;] Wir sind auf der Suche nach motivierten Fachleuten f\u00fcr folgende Positionen: [\/et_pb_text][et_pb_button admin_label=&#8220;Vacature TEAMLEIDER PERSEN&#8220; button_url=&#8220;#&#8220; url_new_window=&#8220;off&#8220; button_text=&#8220;Zur Zeit haben wir keine Stellenangebote &#8220; button_alignment=&#8220;left&#8220; background_layout=&#8220;dark&#8220; custom_button=&#8220;on&#8220; button_text_color=&#8220;#ffffff&#8220; button_bg_color=&#8220;#1e8acb&#8220; button_letter_spacing=&#8220;0&#8243; button_use_icon=&#8220;default&#8220; button_icon_placement=&#8220;right&#8220; button_on_hover=&#8220;on&#8220; button_letter_spacing_hover=&#8220;0&#8243;] [\/et_pb_button][\/et_pb_column][et_pb_column type=&#8220;1_3&#8243;][et_pb_text admin_label=&#8220;Titel Initiativbewerbungen&#8220; background_layout=&#8220;light&#8220; text_orientation=&#8220;left&#8220; text_font_size=&#8220;32&#8243; text_font_size_tablet=&#8220;26&#8243; text_font_size_phone=&#8220;22&#8243; text_font_size_last_edited=&#8220;on|phone&#8220; text_text_color=&#8220;#1d8acb&#8220; use_border_color=&#8220;off&#8220; border_color=&#8220;#ffffff&#8220; border_style=&#8220;solid&#8220; custom_css_main_element=&#8220;font-weight:200;&#8220; text_line_height=&#8220;1.5em&#8220;] Initiativbewerbungen [\/et_pb_text][et_pb_text admin_label=&#8220;Tekst CAO en open sollicitatie&#8220; background_layout=&#8220;light&#8220; text_orientation=&#8220;left&#8220; text_font_size=&#8220;18&#8243; text_font_size_tablet=&#8220;16&#8243; text_font_size_phone=&#8220;12&#8243; text_font_size_last_edited=&#8220;on|phone&#8220; text_line_height=&#8220;1.5em&#8220; use_border_color=&#8220;off&#8220; border_color=&#8220;#ffffff&#8220; border_style=&#8220;solid&#8220; custom_css_main_element=&#8220;font-weight:300;||&#8220;]<\/p>\n<p>Selbstverst\u00e4ndlich ist es m\u00f6glich, uns eine <strong>Initiativbewerbung<\/strong> zu senden.<br \/>\nSie k\u00f6nnen Ihre Bewerbung per E-Mail senden an \u00a0<a href=\"mailto:info@priemabv.nl\">info@priemabv.nl<\/a>\u00a0z.Hd. des Leiters der Personalabteilung.<\/p>\n<p>Die Priema BV f\u00e4llt unter den Tarifvertrag der Metall- und Elektrobranche (<a href=\"https:\/\/www.fnv.nl\/sector-en-cao\/alle-sectoren\/metaal\/metalektro\/metalektro-cao\/\">CAO Metalektro<\/a>).<\/p>\n<p>[\/et_pb_text][\/et_pb_column][\/et_pb_row][\/et_pb_section][et_pb_section admin_label=&#8220;Sectie&#8220; fullwidth=&#8220;off&#8220; specialty=&#8220;off&#8220; transparent_background=&#8220;off&#8220; background_color=&#8220;#1e356b&#8220; allow_player_pause=&#8220;off&#8220; inner_shadow=&#8220;off&#8220; parallax=&#8220;off&#8220; parallax_method=&#8220;off&#8220; padding_mobile=&#8220;off&#8220; make_fullwidth=&#8220;off&#8220; use_custom_width=&#8220;off&#8220; width_unit=&#8220;on&#8220; make_equal=&#8220;off&#8220; use_custom_gutter=&#8220;off&#8220; module_id=&#8220;erkend-leerbedrijf&#8220; background_image=&#8220;https:\/\/priemabv.nl\/wp-content\/uploads\/2016\/01\/slider2-vanatotzontzorgen.jpg&#8220;][et_pb_row admin_label=&#8220;Rij&#8220;][et_pb_column type=&#8220;2_3&#8243;][et_pb_text admin_label=&#8220;Titel Stage bij Priema&#8220; background_layout=&#8220;light&#8220; text_orientation=&#8220;left&#8220; text_font_size=&#8220;48&#8243; text_font_size_tablet=&#8220;30&#8243; text_font_size_phone=&#8220;22&#8243; text_font_size_last_edited=&#8220;on|phone&#8220; text_text_color=&#8220;#ffffff&#8220; use_border_color=&#8220;off&#8220; border_color=&#8220;#ffffff&#8220; border_style=&#8220;solid&#8220; custom_css_main_element=&#8220;font-weight:200;&#8220; text_line_height=&#8220;1.5em&#8220;] Praktikum bei Priema [\/et_pb_text][et_pb_text admin_label=&#8220;Tekst&#8220; background_layout=&#8220;light&#8220; text_orientation=&#8220;left&#8220; text_font_size=&#8220;18&#8243; text_font_size_tablet=&#8220;16&#8243; text_font_size_phone=&#8220;12&#8243; text_font_size_last_edited=&#8220;on|phone&#8220; text_text_color=&#8220;#ffffff&#8220; text_line_height=&#8220;1.5em&#8220; use_border_color=&#8220;off&#8220; border_color=&#8220;#ffffff&#8220; border_style=&#8220;solid&#8220; custom_css_main_element=&#8220;font-weight:300;&#8220;]<\/p>\n<p>Priema ist ein staatlich anerkannter Lehrbetrieb f\u00fcr technische Berufsausbildungen (Kenteq). Dar\u00fcber hinaus ist Priema Cetra ein staatlich anerkannter Lehrbetrieb f\u00fcr Berufsausbildungen in den Bereichen Verwaltung und Finanzen (Ecabo). Bei uns sind regelm\u00e4\u00dfig Praktikumspl\u00e4tze zu vergeben. Wenn Sie auf der Suche nach einem Praktikum f\u00fcr die oben genannten Ausbildungen sind, nehmen Sie bitte\u00a0Kontakt mit uns auf.<\/p>\n<p>[\/et_pb_text][et_pb_button admin_label=&#8220;Knop Neem contact op&#8220; button_url=&#8220;https:\/\/priemabv.nl\/de\/contact&#8220; url_new_window=&#8220;off&#8220; button_text=&#8220;Nehmen Sie Kontakt mit uns auf&#8220; button_alignment=&#8220;left&#8220; background_layout=&#8220;dark&#8220; custom_button=&#8220;on&#8220; button_text_color=&#8220;#ffffff&#8220; button_bg_color=&#8220;#1e8acb&#8220; button_letter_spacing=&#8220;0&#8243; button_use_icon=&#8220;default&#8220; button_icon_placement=&#8220;right&#8220; button_on_hover=&#8220;on&#8220; button_letter_spacing_hover=&#8220;0&#8243;] [\/et_pb_button][\/et_pb_column][et_pb_column type=&#8220;1_3&#8243;][et_pb_image admin_label=&#8220;Ecabo logo&#8220; src=&#8220;https:\/\/priemabv.nl\/wp-content\/uploads\/2016\/02\/ecabo.png&#8220; alt=&#8220;Ecabo erkend leerbedrijf&#8220; show_in_lightbox=&#8220;off&#8220; url_new_window=&#8220;off&#8220; use_overlay=&#8220;off&#8220; animation=&#8220;off&#8220; sticky=&#8220;off&#8220; align=&#8220;center&#8220; force_fullwidth=&#8220;off&#8220; always_center_on_mobile=&#8220;on&#8220; use_border_color=&#8220;off&#8220; border_color=&#8220;#ffffff&#8220; border_style=&#8220;solid&#8220;] [\/et_pb_image][et_pb_image admin_label=&#8220;Kenteq logo&#8220; src=&#8220;https:\/\/priemabv.nl\/wp-content\/uploads\/2016\/02\/kenteq.png&#8220; alt=&#8220;Kenteq erkend leerbedrijf&#8220; show_in_lightbox=&#8220;off&#8220; url_new_window=&#8220;off&#8220; use_overlay=&#8220;off&#8220; animation=&#8220;off&#8220; sticky=&#8220;off&#8220; align=&#8220;center&#8220; force_fullwidth=&#8220;off&#8220; always_center_on_mobile=&#8220;on&#8220; use_border_color=&#8220;off&#8220; border_color=&#8220;#ffffff&#8220; border_style=&#8220;solid&#8220;] [\/et_pb_image][\/et_pb_column][\/et_pb_row][\/et_pb_section]<\/p>\n","protected":false},"excerpt":{"rendered":"<p>Priema baut aus! Bei Priema arbeiten Sie in einer gesunden und anspruchsvollen Organisation. Unser Team aus 170\u00a0engagierten Kollegen verb\u00fcrgt sich f\u00fcr Qualit\u00e4t. In Teamarbeit realisieren wir die st\u00e4ndige Verbesserung unserer Teile und Prozesse. Unsere Stellenangebote Wir sind auf der Suche nach motivierten Fachleuten f\u00fcr folgende Positionen: Initiativbewerbungen Selbstverst\u00e4ndlich ist es m\u00f6glich, uns eine Initiativbewerbung zu [&hellip;]<\/p>\n","protected":false},"author":1,"featured_media":0,"parent":0,"menu_order":0,"comment_status":"closed","ping_status":"closed","template":"","meta":{"_et_pb_use_builder":"on","_et_pb_old_content":"","_et_gb_content_width":"","footnotes":""},"class_list":["post-1416","page","type-page","status-publish","hentry"],"yoast_head":"<!-- This site is optimized with the Yoast SEO plugin v27.4 - https:\/\/yoast.com\/product\/yoast-seo-wordpress\/ -->\n<title>Stellenangebote - Priema BV<\/title>\n<meta name=\"description\" content=\"Priema baut aus! Bei Priema arbeiten Sie in einer gesunden und anspruchsvollen Organisation.\" \/>\n<meta name=\"robots\" content=\"index, follow, max-snippet:-1, max-image-preview:large, max-video-preview:-1\" \/>\n<link rel=\"canonical\" href=\"https:\/\/priemabv.nl\/de\/stellenangebote\/\" \/>\n<meta property=\"og:locale\" content=\"de_DE\" \/>\n<meta property=\"og:type\" content=\"article\" \/>\n<meta property=\"og:title\" content=\"Stellenangebote - Priema BV\" \/>\n<meta property=\"og:description\" content=\"Priema baut aus! Bei Priema arbeiten Sie in einer gesunden und anspruchsvollen Organisation.\" \/>\n<meta property=\"og:url\" content=\"https:\/\/priemabv.nl\/de\/stellenangebote\/\" \/>\n<meta property=\"og:site_name\" content=\"Priema BV\" \/>\n<meta property=\"article:modified_time\" content=\"2016-05-09T12:17:55+00:00\" \/>\n<meta property=\"og:image\" content=\"https:\/\/priemabv.nl\/wp-content\/uploads\/2016\/02\/logo.png\" \/>\n\t<meta property=\"og:image:width\" content=\"157\" \/>\n\t<meta property=\"og:image:height\" content=\"42\" \/>\n\t<meta property=\"og:image:type\" content=\"image\/png\" \/>\n<meta name=\"twitter:card\" content=\"summary_large_image\" \/>\n<meta name=\"twitter:label1\" content=\"Gesch\u00e4tzte Lesezeit\" \/>\n\t<meta name=\"twitter:data1\" content=\"6\u00a0Minuten\" \/>\n<script type=\"application\/ld+json\" class=\"yoast-schema-graph\">{\"@context\":\"https:\\\/\\\/schema.org\",\"@graph\":[{\"@type\":\"WebPage\",\"@id\":\"https:\\\/\\\/priemabv.nl\\\/de\\\/stellenangebote\\\/\",\"url\":\"https:\\\/\\\/priemabv.nl\\\/de\\\/stellenangebote\\\/\",\"name\":\"Stellenangebote - Priema BV\",\"isPartOf\":{\"@id\":\"https:\\\/\\\/priemabv.nl\\\/de\\\/#website\"},\"datePublished\":\"2016-02-08T15:54:10+00:00\",\"dateModified\":\"2016-05-09T12:17:55+00:00\",\"description\":\"Priema baut aus! Bei Priema arbeiten Sie in einer gesunden und anspruchsvollen Organisation.\",\"breadcrumb\":{\"@id\":\"https:\\\/\\\/priemabv.nl\\\/de\\\/stellenangebote\\\/#breadcrumb\"},\"inLanguage\":\"de\",\"potentialAction\":[{\"@type\":\"ReadAction\",\"target\":[\"https:\\\/\\\/priemabv.nl\\\/de\\\/stellenangebote\\\/\"]}]},{\"@type\":\"BreadcrumbList\",\"@id\":\"https:\\\/\\\/priemabv.nl\\\/de\\\/stellenangebote\\\/#breadcrumb\",\"itemListElement\":[{\"@type\":\"ListItem\",\"position\":1,\"name\":\"Home\",\"item\":\"https:\\\/\\\/priemabv.nl\\\/de\\\/\"},{\"@type\":\"ListItem\",\"position\":2,\"name\":\"Stellenangebote\"}]},{\"@type\":\"WebSite\",\"@id\":\"https:\\\/\\\/priemabv.nl\\\/de\\\/#website\",\"url\":\"https:\\\/\\\/priemabv.nl\\\/de\\\/\",\"name\":\"Priema BV\",\"description\":\" Toeleverancier die gespecialiseerd is in het dieptrekken, samenstellen en stansen van metalen producten.\",\"publisher\":{\"@id\":\"https:\\\/\\\/priemabv.nl\\\/de\\\/#organization\"},\"potentialAction\":[{\"@type\":\"SearchAction\",\"target\":{\"@type\":\"EntryPoint\",\"urlTemplate\":\"https:\\\/\\\/priemabv.nl\\\/de\\\/?s={search_term_string}\"},\"query-input\":{\"@type\":\"PropertyValueSpecification\",\"valueRequired\":true,\"valueName\":\"search_term_string\"}}],\"inLanguage\":\"de\"},{\"@type\":\"Organization\",\"@id\":\"https:\\\/\\\/priemabv.nl\\\/de\\\/#organization\",\"name\":\"Priema BV\",\"url\":\"https:\\\/\\\/priemabv.nl\\\/de\\\/\",\"logo\":{\"@type\":\"ImageObject\",\"inLanguage\":\"de\",\"@id\":\"https:\\\/\\\/priemabv.nl\\\/de\\\/#\\\/schema\\\/logo\\\/image\\\/\",\"url\":\"https:\\\/\\\/priemabv.nl\\\/wp-content\\\/uploads\\\/2016\\\/02\\\/facvicon-priemabv.png\",\"contentUrl\":\"https:\\\/\\\/priemabv.nl\\\/wp-content\\\/uploads\\\/2016\\\/02\\\/facvicon-priemabv.png\",\"width\":157,\"height\":157,\"caption\":\"Priema BV\"},\"image\":{\"@id\":\"https:\\\/\\\/priemabv.nl\\\/de\\\/#\\\/schema\\\/logo\\\/image\\\/\"},\"sameAs\":[\"https:\\\/\\\/www.linkedin.com\\\/company\\\/priema-bv\",\"https:\\\/\\\/www.youtube.com\\\/user\\\/priemabv\"]}]}<\/script>\n<!-- \/ Yoast SEO plugin. -->","yoast_head_json":{"title":"Stellenangebote - Priema BV","description":"Priema baut aus! Bei Priema arbeiten Sie in einer gesunden und anspruchsvollen Organisation.","robots":{"index":"index","follow":"follow","max-snippet":"max-snippet:-1","max-image-preview":"max-image-preview:large","max-video-preview":"max-video-preview:-1"},"canonical":"https:\/\/priemabv.nl\/de\/stellenangebote\/","og_locale":"de_DE","og_type":"article","og_title":"Stellenangebote - Priema BV","og_description":"Priema baut aus! Bei Priema arbeiten Sie in einer gesunden und anspruchsvollen Organisation.","og_url":"https:\/\/priemabv.nl\/de\/stellenangebote\/","og_site_name":"Priema BV","article_modified_time":"2016-05-09T12:17:55+00:00","og_image":[{"width":157,"height":42,"url":"https:\/\/priemabv.nl\/wp-content\/uploads\/2016\/02\/logo.png","type":"image\/png"}],"twitter_card":"summary_large_image","twitter_misc":{"Gesch\u00e4tzte Lesezeit":"6\u00a0Minuten"},"schema":{"@context":"https:\/\/schema.org","@graph":[{"@type":"WebPage","@id":"https:\/\/priemabv.nl\/de\/stellenangebote\/","url":"https:\/\/priemabv.nl\/de\/stellenangebote\/","name":"Stellenangebote - Priema BV","isPartOf":{"@id":"https:\/\/priemabv.nl\/de\/#website"},"datePublished":"2016-02-08T15:54:10+00:00","dateModified":"2016-05-09T12:17:55+00:00","description":"Priema baut aus! Bei Priema arbeiten Sie in einer gesunden und anspruchsvollen Organisation.","breadcrumb":{"@id":"https:\/\/priemabv.nl\/de\/stellenangebote\/#breadcrumb"},"inLanguage":"de","potentialAction":[{"@type":"ReadAction","target":["https:\/\/priemabv.nl\/de\/stellenangebote\/"]}]},{"@type":"BreadcrumbList","@id":"https:\/\/priemabv.nl\/de\/stellenangebote\/#breadcrumb","itemListElement":[{"@type":"ListItem","position":1,"name":"Home","item":"https:\/\/priemabv.nl\/de\/"},{"@type":"ListItem","position":2,"name":"Stellenangebote"}]},{"@type":"WebSite","@id":"https:\/\/priemabv.nl\/de\/#website","url":"https:\/\/priemabv.nl\/de\/","name":"Priema BV","description":" Toeleverancier die gespecialiseerd is in het dieptrekken, samenstellen en stansen van metalen producten.","publisher":{"@id":"https:\/\/priemabv.nl\/de\/#organization"},"potentialAction":[{"@type":"SearchAction","target":{"@type":"EntryPoint","urlTemplate":"https:\/\/priemabv.nl\/de\/?s={search_term_string}"},"query-input":{"@type":"PropertyValueSpecification","valueRequired":true,"valueName":"search_term_string"}}],"inLanguage":"de"},{"@type":"Organization","@id":"https:\/\/priemabv.nl\/de\/#organization","name":"Priema BV","url":"https:\/\/priemabv.nl\/de\/","logo":{"@type":"ImageObject","inLanguage":"de","@id":"https:\/\/priemabv.nl\/de\/#\/schema\/logo\/image\/","url":"https:\/\/priemabv.nl\/wp-content\/uploads\/2016\/02\/facvicon-priemabv.png","contentUrl":"https:\/\/priemabv.nl\/wp-content\/uploads\/2016\/02\/facvicon-priemabv.png","width":157,"height":157,"caption":"Priema BV"},"image":{"@id":"https:\/\/priemabv.nl\/de\/#\/schema\/logo\/image\/"},"sameAs":["https:\/\/www.linkedin.com\/company\/priema-bv","https:\/\/www.youtube.com\/user\/priemabv"]}]}},"_links":{"self":[{"href":"https:\/\/priemabv.nl\/de\/wp-json\/wp\/v2\/pages\/1416","targetHints":{"allow":["GET"]}}],"collection":[{"href":"https:\/\/priemabv.nl\/de\/wp-json\/wp\/v2\/pages"}],"about":[{"href":"https:\/\/priemabv.nl\/de\/wp-json\/wp\/v2\/types\/page"}],"author":[{"embeddable":true,"href":"https:\/\/priemabv.nl\/de\/wp-json\/wp\/v2\/users\/1"}],"replies":[{"embeddable":true,"href":"https:\/\/priemabv.nl\/de\/wp-json\/wp\/v2\/comments?post=1416"}],"version-history":[{"count":0,"href":"https:\/\/priemabv.nl\/de\/wp-json\/wp\/v2\/pages\/1416\/revisions"}],"wp:attachment":[{"href":"https:\/\/priemabv.nl\/de\/wp-json\/wp\/v2\/media?parent=1416"}],"curies":[{"name":"wp","href":"https:\/\/api.w.org\/{rel}","templated":true}]}}