{"id":1411,"date":"2016-02-08T16:54:46","date_gmt":"2016-02-08T15:54:46","guid":{"rendered":"http:\/\/priemabv.nl\/de\/machinepark\/"},"modified":"2016-10-06T14:34:15","modified_gmt":"2016-10-06T13:34:15","slug":"maschinenpark","status":"publish","type":"page","link":"https:\/\/priemabv.nl\/de\/maschinenpark\/","title":{"rendered":"Maschinenpark"},"content":{"rendered":"<p>[et_pb_section admin_label=&#8220;Sectie&#8220; fullwidth=&#8220;on&#8220; specialty=&#8220;off&#8220; background_image=&#8220;https:\/\/priemabv.nl\/wp-content\/uploads\/2016\/02\/afbeelding-machinepark.jpg&#8220; transparent_background=&#8220;off&#8220; allow_player_pause=&#8220;off&#8220; inner_shadow=&#8220;off&#8220; parallax=&#8220;off&#8220; parallax_method=&#8220;off&#8220; padding_mobile=&#8220;off&#8220; make_fullwidth=&#8220;off&#8220; use_custom_width=&#8220;off&#8220; width_unit=&#8220;on&#8220; make_equal=&#8220;off&#8220; use_custom_gutter=&#8220;off&#8220;][et_pb_fullwidth_header admin_label=&#8220;Kop met beeld&#8220; title=&#8220;Einen modernen und vielseitig einsetzbaren Maschinenpark&#8220; background_layout=&#8220;dark&#8220; text_orientation=&#8220;center&#8220; header_fullscreen=&#8220;off&#8220; header_scroll_down=&#8220;off&#8220; parallax=&#8220;off&#8220; parallax_method=&#8220;off&#8220; content_orientation=&#8220;center&#8220; image_orientation=&#8220;center&#8220; title_font_color=&#8220;#ffffff&#8220; title_font_size=&#8220;60px&#8220; title_font_size_tablet=&#8220;40px&#8220; title_font_size_phone=&#8220;30px&#8220; title_font_size_last_edited=&#8220;on|phone&#8220; custom_button_one=&#8220;off&#8220; button_one_letter_spacing=&#8220;0&#8243; button_one_use_icon=&#8220;default&#8220; button_one_icon_placement=&#8220;right&#8220; button_one_on_hover=&#8220;on&#8220; button_one_letter_spacing_hover=&#8220;0&#8243; custom_button_two=&#8220;off&#8220; button_two_letter_spacing=&#8220;0&#8243; button_two_use_icon=&#8220;default&#8220; button_two_icon_placement=&#8220;right&#8220; button_two_on_hover=&#8220;on&#8220; button_two_letter_spacing_hover=&#8220;0&#8243; custom_css_title=&#8220;font-weight:200;&#8220;] [\/et_pb_fullwidth_header][\/et_pb_section][et_pb_section admin_label=&#8220;section&#8220; transparent_background=&#8220;off&#8220; allow_player_pause=&#8220;off&#8220; inner_shadow=&#8220;off&#8220; parallax=&#8220;off&#8220; parallax_method=&#8220;off&#8220; padding_mobile=&#8220;off&#8220; make_fullwidth=&#8220;off&#8220; use_custom_width=&#8220;off&#8220; width_unit=&#8220;on&#8220; make_equal=&#8220;off&#8220; use_custom_gutter=&#8220;off&#8220; module_id=&#8220;mogelijkheden&#8220;][et_pb_row admin_label=&#8220;row&#8220;][et_pb_column type=&#8220;1_2&#8243;][et_pb_gallery admin_label=&#8220;Galerij&#8220; gallery_ids=&#8220;694,697,1132&#8243; fullwidth=&#8220;on&#8220; show_title_and_caption=&#8220;off&#8220; show_pagination=&#8220;off&#8220; background_layout=&#8220;light&#8220; auto=&#8220;on&#8220; auto_speed=&#8220;4000&#8243; hover_overlay_color=&#8220;rgba(255,255,255,0.9)&#8220; caption_all_caps=&#8220;off&#8220; use_border_color=&#8220;off&#8220; border_color=&#8220;#ffffff&#8220; border_style=&#8220;solid&#8220;] [\/et_pb_gallery][\/et_pb_column][et_pb_column type=&#8220;1_2&#8243;][et_pb_text admin_label=&#8220;Titel onbegrensde productiemogelijkheden&#8220; background_layout=&#8220;light&#8220; text_orientation=&#8220;left&#8220; text_font_size=&#8220;42&#8243; text_font_size_tablet=&#8220;26&#8243; text_font_size_phone=&#8220;20&#8243; text_font_size_last_edited=&#8220;on|phone&#8220; text_text_color=&#8220;#1d8acb&#8220; use_border_color=&#8220;off&#8220; border_color=&#8220;#ffffff&#8220; border_style=&#8220;solid&#8220; custom_css_main_element=&#8220;font-weight:200;&#8220; text_line_height=&#8220;1.5em&#8220;]<\/p>\n<p>Unsere Produktionsm\u00f6glichkeiten<\/p>\n<p>[\/et_pb_text][et_pb_text admin_label=&#8220;Tekst&#8220; background_layout=&#8220;light&#8220; text_orientation=&#8220;left&#8220; text_font_size=&#8220;18&#8243; text_font_size_tablet=&#8220;16&#8243; text_font_size_phone=&#8220;12&#8243; text_font_size_last_edited=&#8220;on|phone&#8220; text_text_color=&#8220;#3f3f3f&#8220; text_line_height=&#8220;1.5em&#8220; use_border_color=&#8220;off&#8220; border_color=&#8220;#ffffff&#8220; border_style=&#8220;solid&#8220; custom_css_main_element=&#8220;font-weight:300;&#8220;]<\/p>\n<p>Wir verf\u00fcgen \u00fcber einen modernen und vielseitig einsetzbaren Maschinenpark von hydraulischen und mechanischen Pressen, Excenterpressen,\u00a0verketteten Pressen, Richtschneide- und Biegemaschinen, Schwei\u00dfautomaten und eine eigene Nasslackierstra\u00dfe.<\/p>\n<p>[\/et_pb_text][\/et_pb_column][\/et_pb_row][et_pb_row admin_label=&#8220;Rij&#8220;][et_pb_column type=&#8220;4_4&#8243;][et_pb_divider admin_label=&#8220;Verdeler&#8220; color=&#8220;#d6d9db&#8220; show_divider=&#8220;on&#8220; divider_style=&#8220;solid&#8220; divider_position=&#8220;top&#8220; hide_on_mobile=&#8220;on&#8220;] [\/et_pb_divider][\/et_pb_column][\/et_pb_row][et_pb_row admin_label=&#8220;row&#8220;][et_pb_column type=&#8220;1_2&#8243;][et_pb_text admin_label=&#8220;Titel Veredelings- werkzaamheden&#8220; background_layout=&#8220;light&#8220; text_orientation=&#8220;left&#8220; text_font_size=&#8220;48&#8243; text_font_size_tablet=&#8220;30&#8243; text_font_size_phone=&#8220;22&#8243; text_font_size_last_edited=&#8220;on|phone&#8220; text_text_color=&#8220;#1d8acb&#8220; use_border_color=&#8220;off&#8220; border_color=&#8220;#ffffff&#8220; border_style=&#8220;solid&#8220; custom_css_main_element=&#8220;font-weight:200;&#8220; text_line_height=&#8220;1.5em&#8220;]<\/p>\n<p>Oberfl\u00e4chenveredelung<\/p>\n<p>[\/et_pb_text][et_pb_text admin_label=&#8220;Tekst&#8220; background_layout=&#8220;light&#8220; text_orientation=&#8220;left&#8220; text_font_size=&#8220;18&#8243; text_font_size_tablet=&#8220;16&#8243; text_font_size_phone=&#8220;12&#8243; text_font_size_last_edited=&#8220;on|phone&#8220; text_text_color=&#8220;#3f3f3f&#8220; text_line_height=&#8220;1.5em&#8220; use_border_color=&#8220;off&#8220; border_color=&#8220;#ffffff&#8220; border_style=&#8220;solid&#8220; custom_css_main_element=&#8220;font-weight:300;&#8220;]<\/p>\n<p>F\u00fcr Bearbeitungen, die wir nicht werksintern ausf\u00fchren, haben wir ein zuverl\u00e4ssiges Netzwerk zertifizierter\u00a0Fachbetriebe an der Hand. Wir bieten Ihnen Verzinken, Vernickeln, Galvanisieren, Verchromen, KTL-Beschichten, H\u00e4rten und Pulverbeschichten.<\/p>\n<p>[\/et_pb_text][\/et_pb_column][et_pb_column type=&#8220;1_2&#8243;][et_pb_gallery admin_label=&#8220;Galerij&#8220; gallery_ids=&#8220;691,853,1339&#8243; fullwidth=&#8220;on&#8220; show_title_and_caption=&#8220;off&#8220; show_pagination=&#8220;off&#8220; background_layout=&#8220;light&#8220; auto=&#8220;on&#8220; auto_speed=&#8220;4000&#8243; hover_overlay_color=&#8220;rgba(255,255,255,0.9)&#8220; caption_all_caps=&#8220;off&#8220; use_border_color=&#8220;off&#8220; border_color=&#8220;#ffffff&#8220; border_style=&#8220;solid&#8220;] [\/et_pb_gallery][\/et_pb_column][\/et_pb_row][\/et_pb_section][et_pb_section admin_label=&#8220;Sectie&#8220; fullwidth=&#8220;off&#8220; specialty=&#8220;off&#8220; transparent_background=&#8220;off&#8220; background_color=&#8220;#1e356b&#8220; allow_player_pause=&#8220;off&#8220; inner_shadow=&#8220;off&#8220; parallax=&#8220;off&#8220; parallax_method=&#8220;off&#8220; padding_mobile=&#8220;off&#8220; make_fullwidth=&#8220;off&#8220; use_custom_width=&#8220;off&#8220; width_unit=&#8220;on&#8220; make_equal=&#8220;off&#8220; use_custom_gutter=&#8220;off&#8220; module_id=&#8220;machinepark&#8220;][et_pb_row admin_label=&#8220;Rij&#8220;][et_pb_column type=&#8220;1_3&#8243;][et_pb_text admin_label=&#8220;Titel Machinelijst Priema Metaalwaren&#8220; background_layout=&#8220;light&#8220; text_orientation=&#8220;center&#8220; text_font_size=&#8220;32&#8243; text_font_size_tablet=&#8220;24&#8243; text_font_size_phone=&#8220;18&#8243; text_font_size_last_edited=&#8220;on|phone&#8220; text_text_color=&#8220;#ffffff&#8220; use_border_color=&#8220;off&#8220; border_color=&#8220;#ffffff&#8220; border_style=&#8220;solid&#8220; custom_css_main_element=&#8220;font-weight:200;&#8220; text_line_height=&#8220;1.5em&#8220;]<\/p>\n<p>Maschinen\u00fcbersicht Priema Metall<\/p>\n<p>[\/et_pb_text][et_pb_button admin_label=&#8220;Knop&#8220; button_url=&#8220;https:\/\/priemabv.nl\/wp-content\/uploads\/2016\/10\/DU-Machine-gegevens-Priema-Metaalwarenfabriek.pdf&#8220; url_new_window=&#8220;off&#8220; button_text=&#8220;Download pdf&#8220; button_alignment=&#8220;center&#8220; background_layout=&#8220;dark&#8220; custom_button=&#8220;on&#8220; button_border_width=&#8220;1&#8243; button_border_color=&#8220;#ffffff&#8220; button_letter_spacing=&#8220;0&#8243; button_use_icon=&#8220;default&#8220; button_icon_placement=&#8220;right&#8220; button_on_hover=&#8220;on&#8220; button_letter_spacing_hover=&#8220;0&#8243; custom_css_main_element=&#8220;font-weight:200;&#8220;] [\/et_pb_button][\/et_pb_column][et_pb_column type=&#8220;1_3&#8243;][et_pb_text admin_label=&#8220;Titel Machinelijst Priema Cetra&#8220; background_layout=&#8220;light&#8220; text_orientation=&#8220;center&#8220; text_font_size=&#8220;32&#8243; text_font_size_tablet=&#8220;24&#8243; text_font_size_phone=&#8220;18&#8243; text_font_size_last_edited=&#8220;on|phone&#8220; text_text_color=&#8220;#ffffff&#8220; use_border_color=&#8220;off&#8220; border_color=&#8220;#ffffff&#8220; border_style=&#8220;solid&#8220; custom_css_main_element=&#8220;font-weight:200;&#8220; text_line_height=&#8220;1.5em&#8220;]<\/p>\n<p>Maschinen\u00fcbersicht Priema Cetra<\/p>\n<p>[\/et_pb_text][et_pb_button admin_label=&#8220;Knop&#8220; button_url=&#8220;https:\/\/priemabv.nl\/wp-content\/uploads\/2016\/10\/DU-Machine-gegevens-Priema-Cetra.pdf&#8220; url_new_window=&#8220;off&#8220; button_text=&#8220;Download pdf&#8220; button_alignment=&#8220;center&#8220; background_layout=&#8220;dark&#8220; custom_button=&#8220;on&#8220; button_border_width=&#8220;1&#8243; button_border_color=&#8220;#ffffff&#8220; button_letter_spacing=&#8220;0&#8243; button_use_icon=&#8220;default&#8220; button_icon_placement=&#8220;right&#8220; button_on_hover=&#8220;on&#8220; button_letter_spacing_hover=&#8220;0&#8243; custom_css_main_element=&#8220;font-weight:200;&#8220;] [\/et_pb_button][\/et_pb_column][et_pb_column type=&#8220;1_3&#8243;][et_pb_text admin_label=&#8220;Titel Machinelijst B\u0159eclav Production &#8220; background_layout=&#8220;light&#8220; text_orientation=&#8220;center&#8220; text_font_size=&#8220;32&#8243; text_font_size_tablet=&#8220;24&#8243; text_font_size_phone=&#8220;18&#8243; text_font_size_last_edited=&#8220;on|phone&#8220; text_text_color=&#8220;#ffffff&#8220; use_border_color=&#8220;off&#8220; border_color=&#8220;#ffffff&#8220; border_style=&#8220;solid&#8220; custom_css_main_element=&#8220;font-weight:200;&#8220; text_line_height=&#8220;1.5em&#8220;]<\/p>\n<p>Maschinen\u00fcbersicht B\u0159eclav Production<\/p>\n<div class=\"footer-widget\"><\/div>\n<p>[\/et_pb_text][et_pb_button admin_label=&#8220;Knop&#8220; button_url=&#8220;https:\/\/priemabv.nl\/wp-content\/uploads\/2016\/10\/DU-Machine-gegevens-Breclav-Production.pdf&#8220; url_new_window=&#8220;off&#8220; button_text=&#8220;Download pdf&#8220; button_alignment=&#8220;center&#8220; background_layout=&#8220;dark&#8220; custom_button=&#8220;on&#8220; button_border_width=&#8220;1&#8243; button_border_color=&#8220;#ffffff&#8220; button_letter_spacing=&#8220;0&#8243; button_use_icon=&#8220;default&#8220; button_icon_placement=&#8220;right&#8220; button_on_hover=&#8220;on&#8220; button_letter_spacing_hover=&#8220;0&#8243; custom_css_main_element=&#8220;font-weight:200;&#8220;] [\/et_pb_button][\/et_pb_column][\/et_pb_row][\/et_pb_section][et_pb_section admin_label=&#8220;Sectie&#8220; global_module=&#8220;1569&#8243; fullwidth=&#8220;off&#8220; specialty=&#8220;off&#8220; transparent_background=&#8220;off&#8220; allow_player_pause=&#8220;off&#8220; inner_shadow=&#8220;off&#8220; parallax=&#8220;off&#8220; parallax_method=&#8220;off&#8220; padding_mobile=&#8220;off&#8220; make_fullwidth=&#8220;off&#8220; use_custom_width=&#8220;off&#8220; width_unit=&#8220;on&#8220; make_equal=&#8220;off&#8220; use_custom_gutter=&#8220;off&#8220;][et_pb_row global_parent=&#8220;1569&#8243; admin_label=&#8220;Rij&#8220; make_fullwidth=&#8220;off&#8220; use_custom_width=&#8220;off&#8220; width_unit=&#8220;on&#8220; use_custom_gutter=&#8220;off&#8220; padding_mobile=&#8220;off&#8220; allow_player_pause=&#8220;off&#8220; parallax=&#8220;off&#8220; parallax_method=&#8220;off&#8220; make_equal=&#8220;off&#8220; parallax_1=&#8220;off&#8220; parallax_method_1=&#8220;off&#8220; column_padding_mobile=&#8220;on&#8220;][et_pb_column type=&#8220;4_4&#8243;][et_pb_text global_parent=&#8220;1569&#8243; admin_label=&#8220;Titel contactformulier&#8220; background_layout=&#8220;light&#8220; text_orientation=&#8220;center&#8220; text_font_size=&#8220;40&#8243; text_font_size_tablet=&#8220;28&#8243; text_font_size_phone=&#8220;18&#8243; text_font_size_last_edited=&#8220;on|phone&#8220; text_text_color=&#8220;#1889ca&#8220; text_line_height=&#8220;1.3em&#8220; use_border_color=&#8220;off&#8220; border_color=&#8220;#ffffff&#8220; border_style=&#8220;solid&#8220; custom_css_main_element=&#8220;font-weight:200;&#8220;]<\/p>\n<p>M\u00f6chten Sie mehr \u00fcber Priema erfahren?<br \/>\nF\u00fcllen Sie das Kontaktformular aus:<\/p>\n<p>[\/et_pb_text][et_pb_contact_form global_parent=&#8220;1569&#8243; admin_label=&#8220;Contactformulier&#8220; captcha=&#8220;on&#8220; email=&#8220;info@priemabv.nl&#8220; use_redirect=&#8220;off&#8220; success_message=&#8220;Wir haben ihr Versuch empfangen. Wir kontaktieren sie bald.&#8220; form_background_color=&#8220;#e6e6e6&#8243; input_border_radius=&#8220;1&#8243; form_field_font_size=&#8220;20&#8243; form_field_font_size_tablet=&#8220;18&#8243; form_field_font_size_phone=&#8220;14&#8243; form_field_font_size_last_edited=&#8220;on|phone&#8220; form_field_text_color=&#8220;#616161&#8243; use_border_color=&#8220;off&#8220; border_color=&#8220;#ffffff&#8220; border_style=&#8220;solid&#8220; custom_button=&#8220;on&#8220; button_text_color=&#8220;#1889ca&#8220; button_bg_color=&#8220;rgba(255,255,255,0)&#8220; button_border_width=&#8220;1&#8243; button_border_color=&#8220;#1889ca&#8220; button_letter_spacing=&#8220;0&#8243; button_use_icon=&#8220;default&#8220; button_icon_color=&#8220;#1889ca&#8220; button_icon_placement=&#8220;right&#8220; button_on_hover=&#8220;on&#8220; button_text_color_hover=&#8220;rgba(0,127,201,0.8)&#8220; button_bg_color_hover=&#8220;#ffffff&#8220; button_border_color_hover=&#8220;rgba(0,127,201,0.8)&#8220; button_letter_spacing_hover=&#8220;0&#8243; custom_css_contact_fields=&#8220;font-family: &#8218;Titillium Web&#8216;, sans-serif; ||font-weight:300;&#8220; custom_css_text_field=&#8220;font-family: &#8218;Titillium Web&#8216;, sans-serif; ||font-weight:300;&#8220; custom_css_captcha_field=&#8220;font-family: &#8218;Titillium Web&#8216;, sans-serif; ||font-weight:300;||font-size:20px;&#8220; custom_css_captcha_label=&#8220;font-family: &#8218;Titillium Web&#8216;, sans-serif; ||font-weight:300;||font-size:20px;&#8220; custom_css_contact_button=&#8220;padding: 10px;||width: 190px;||&#8220;] [et_pb_contact_field field_title=&#8220;Name&#8220; field_type=&#8220;input&#8220; field_id=&#8220;Naam&#8220; required_mark=&#8220;on&#8220; fullwidth_field=&#8220;off&#8220; form_field_font_select=&#8220;default&#8220; form_field_font=&#8220;||||&#8220; use_border_color=&#8220;off&#8220; border_style=&#8220;solid&#8220; input_border_radius=&#8220;0&#8243; custom_css_main_element=&#8220;font-family: &#8218;Titillium Web&#8216;, sans-serif !important; font-weight:300;&#8220;] [\/et_pb_contact_field][et_pb_contact_field field_title=&#8220;E-Mail-Adresse&#8220; field_type=&#8220;email&#8220; field_id=&#8220;Email&#8220; required_mark=&#8220;on&#8220; fullwidth_field=&#8220;off&#8220; form_field_font_select=&#8220;default&#8220; form_field_font=&#8220;||||&#8220; use_border_color=&#8220;off&#8220; border_style=&#8220;solid&#8220; input_border_radius=&#8220;0&#8243; custom_css_main_element=&#8220;font-family: &#8218;Titillium Web&#8216;, sans-serif; font-weight:200;&#8220;] [\/et_pb_contact_field][et_pb_contact_field field_title=&#8220;Nachricht &#8220; field_type=&#8220;text&#8220; field_id=&#8220;Nachricht &#8220; required_mark=&#8220;on&#8220; fullwidth_field=&#8220;on&#8220; form_field_font_select=&#8220;default&#8220; form_field_font=&#8220;||||&#8220; use_border_color=&#8220;off&#8220; border_style=&#8220;solid&#8220; input_border_radius=&#8220;0&#8243;] [\/et_pb_contact_field] [\/et_pb_contact_form][\/et_pb_column][\/et_pb_row][\/et_pb_section]<\/p>\n","protected":false},"excerpt":{"rendered":"<p>Unsere Produktionsm\u00f6glichkeiten Wir verf\u00fcgen \u00fcber einen modernen und vielseitig einsetzbaren Maschinenpark von hydraulischen und mechanischen Pressen, Excenterpressen,\u00a0verketteten Pressen, Richtschneide- und Biegemaschinen, Schwei\u00dfautomaten und eine eigene Nasslackierstra\u00dfe. Oberfl\u00e4chenveredelung F\u00fcr Bearbeitungen, die wir nicht werksintern ausf\u00fchren, haben wir ein zuverl\u00e4ssiges Netzwerk zertifizierter\u00a0Fachbetriebe an der Hand. Wir bieten Ihnen Verzinken, Vernickeln, Galvanisieren, Verchromen, KTL-Beschichten, H\u00e4rten und Pulverbeschichten. Maschinen\u00fcbersicht [&hellip;]<\/p>\n","protected":false},"author":1,"featured_media":0,"parent":0,"menu_order":0,"comment_status":"closed","ping_status":"closed","template":"","meta":{"_et_pb_use_builder":"on","_et_pb_old_content":"","_et_gb_content_width":"","footnotes":""},"class_list":["post-1411","page","type-page","status-publish","hentry"],"yoast_head":"<!-- This site is optimized with the Yoast SEO plugin v27.5 - https:\/\/yoast.com\/product\/yoast-seo-wordpress\/ -->\n<title>Maschinenpark - Priema BV<\/title>\n<meta name=\"description\" content=\"Damit unsere Produktion kontinuierlich auf hohem Niveau l\u00e4uft, unterhalten wir einen modernen und vielseitig einsetzbaren Maschinenpark.\" \/>\n<meta name=\"robots\" content=\"index, follow, max-snippet:-1, max-image-preview:large, max-video-preview:-1\" \/>\n<link rel=\"canonical\" href=\"https:\/\/priemabv.nl\/de\/maschinenpark\/\" \/>\n<meta property=\"og:locale\" content=\"de_DE\" \/>\n<meta property=\"og:type\" content=\"article\" \/>\n<meta property=\"og:title\" content=\"Maschinenpark - Priema BV\" \/>\n<meta property=\"og:description\" content=\"Damit unsere Produktion kontinuierlich auf hohem Niveau l\u00e4uft, unterhalten wir einen modernen und vielseitig einsetzbaren Maschinenpark.\" \/>\n<meta property=\"og:url\" content=\"https:\/\/priemabv.nl\/de\/maschinenpark\/\" \/>\n<meta property=\"og:site_name\" content=\"Priema BV\" \/>\n<meta property=\"article:modified_time\" content=\"2016-10-06T13:34:15+00:00\" \/>\n<meta property=\"og:image\" content=\"https:\/\/priemabv.nl\/wp-content\/uploads\/2016\/02\/logo.png\" \/>\n\t<meta property=\"og:image:width\" content=\"157\" \/>\n\t<meta property=\"og:image:height\" content=\"42\" \/>\n\t<meta property=\"og:image:type\" content=\"image\/png\" \/>\n<meta name=\"twitter:card\" content=\"summary_large_image\" \/>\n<meta name=\"twitter:label1\" content=\"Gesch\u00e4tzte Lesezeit\" \/>\n\t<meta name=\"twitter:data1\" content=\"8\u00a0Minuten\" \/>\n<script type=\"application\/ld+json\" class=\"yoast-schema-graph\">{\"@context\":\"https:\\\/\\\/schema.org\",\"@graph\":[{\"@type\":\"WebPage\",\"@id\":\"https:\\\/\\\/priemabv.nl\\\/de\\\/maschinenpark\\\/\",\"url\":\"https:\\\/\\\/priemabv.nl\\\/de\\\/maschinenpark\\\/\",\"name\":\"Maschinenpark - Priema BV\",\"isPartOf\":{\"@id\":\"https:\\\/\\\/priemabv.nl\\\/de\\\/#website\"},\"datePublished\":\"2016-02-08T15:54:46+00:00\",\"dateModified\":\"2016-10-06T13:34:15+00:00\",\"description\":\"Damit unsere Produktion kontinuierlich auf hohem Niveau l\u00e4uft, unterhalten wir einen modernen und vielseitig einsetzbaren Maschinenpark.\",\"breadcrumb\":{\"@id\":\"https:\\\/\\\/priemabv.nl\\\/de\\\/maschinenpark\\\/#breadcrumb\"},\"inLanguage\":\"de\",\"potentialAction\":[{\"@type\":\"ReadAction\",\"target\":[\"https:\\\/\\\/priemabv.nl\\\/de\\\/maschinenpark\\\/\"]}]},{\"@type\":\"BreadcrumbList\",\"@id\":\"https:\\\/\\\/priemabv.nl\\\/de\\\/maschinenpark\\\/#breadcrumb\",\"itemListElement\":[{\"@type\":\"ListItem\",\"position\":1,\"name\":\"Home\",\"item\":\"https:\\\/\\\/priemabv.nl\\\/de\\\/\"},{\"@type\":\"ListItem\",\"position\":2,\"name\":\"Maschinenpark\"}]},{\"@type\":\"WebSite\",\"@id\":\"https:\\\/\\\/priemabv.nl\\\/de\\\/#website\",\"url\":\"https:\\\/\\\/priemabv.nl\\\/de\\\/\",\"name\":\"Priema BV\",\"description\":\" Toeleverancier die gespecialiseerd is in het dieptrekken, samenstellen en stansen van metalen producten.\",\"publisher\":{\"@id\":\"https:\\\/\\\/priemabv.nl\\\/de\\\/#organization\"},\"potentialAction\":[{\"@type\":\"SearchAction\",\"target\":{\"@type\":\"EntryPoint\",\"urlTemplate\":\"https:\\\/\\\/priemabv.nl\\\/de\\\/?s={search_term_string}\"},\"query-input\":{\"@type\":\"PropertyValueSpecification\",\"valueRequired\":true,\"valueName\":\"search_term_string\"}}],\"inLanguage\":\"de\"},{\"@type\":\"Organization\",\"@id\":\"https:\\\/\\\/priemabv.nl\\\/de\\\/#organization\",\"name\":\"Priema BV\",\"url\":\"https:\\\/\\\/priemabv.nl\\\/de\\\/\",\"logo\":{\"@type\":\"ImageObject\",\"inLanguage\":\"de\",\"@id\":\"https:\\\/\\\/priemabv.nl\\\/de\\\/#\\\/schema\\\/logo\\\/image\\\/\",\"url\":\"https:\\\/\\\/priemabv.nl\\\/wp-content\\\/uploads\\\/2016\\\/02\\\/facvicon-priemabv.png\",\"contentUrl\":\"https:\\\/\\\/priemabv.nl\\\/wp-content\\\/uploads\\\/2016\\\/02\\\/facvicon-priemabv.png\",\"width\":157,\"height\":157,\"caption\":\"Priema BV\"},\"image\":{\"@id\":\"https:\\\/\\\/priemabv.nl\\\/de\\\/#\\\/schema\\\/logo\\\/image\\\/\"},\"sameAs\":[\"https:\\\/\\\/www.linkedin.com\\\/company\\\/priema-bv\",\"https:\\\/\\\/www.youtube.com\\\/user\\\/priemabv\"]}]}<\/script>\n<!-- \/ Yoast SEO plugin. -->","yoast_head_json":{"title":"Maschinenpark - Priema BV","description":"Damit unsere Produktion kontinuierlich auf hohem Niveau l\u00e4uft, unterhalten wir einen modernen und vielseitig einsetzbaren Maschinenpark.","robots":{"index":"index","follow":"follow","max-snippet":"max-snippet:-1","max-image-preview":"max-image-preview:large","max-video-preview":"max-video-preview:-1"},"canonical":"https:\/\/priemabv.nl\/de\/maschinenpark\/","og_locale":"de_DE","og_type":"article","og_title":"Maschinenpark - Priema BV","og_description":"Damit unsere Produktion kontinuierlich auf hohem Niveau l\u00e4uft, unterhalten wir einen modernen und vielseitig einsetzbaren Maschinenpark.","og_url":"https:\/\/priemabv.nl\/de\/maschinenpark\/","og_site_name":"Priema BV","article_modified_time":"2016-10-06T13:34:15+00:00","og_image":[{"width":157,"height":42,"url":"https:\/\/priemabv.nl\/wp-content\/uploads\/2016\/02\/logo.png","type":"image\/png"}],"twitter_card":"summary_large_image","twitter_misc":{"Gesch\u00e4tzte Lesezeit":"8\u00a0Minuten"},"schema":{"@context":"https:\/\/schema.org","@graph":[{"@type":"WebPage","@id":"https:\/\/priemabv.nl\/de\/maschinenpark\/","url":"https:\/\/priemabv.nl\/de\/maschinenpark\/","name":"Maschinenpark - Priema BV","isPartOf":{"@id":"https:\/\/priemabv.nl\/de\/#website"},"datePublished":"2016-02-08T15:54:46+00:00","dateModified":"2016-10-06T13:34:15+00:00","description":"Damit unsere Produktion kontinuierlich auf hohem Niveau l\u00e4uft, unterhalten wir einen modernen und vielseitig einsetzbaren Maschinenpark.","breadcrumb":{"@id":"https:\/\/priemabv.nl\/de\/maschinenpark\/#breadcrumb"},"inLanguage":"de","potentialAction":[{"@type":"ReadAction","target":["https:\/\/priemabv.nl\/de\/maschinenpark\/"]}]},{"@type":"BreadcrumbList","@id":"https:\/\/priemabv.nl\/de\/maschinenpark\/#breadcrumb","itemListElement":[{"@type":"ListItem","position":1,"name":"Home","item":"https:\/\/priemabv.nl\/de\/"},{"@type":"ListItem","position":2,"name":"Maschinenpark"}]},{"@type":"WebSite","@id":"https:\/\/priemabv.nl\/de\/#website","url":"https:\/\/priemabv.nl\/de\/","name":"Priema BV","description":" Toeleverancier die gespecialiseerd is in het dieptrekken, samenstellen en stansen van metalen producten.","publisher":{"@id":"https:\/\/priemabv.nl\/de\/#organization"},"potentialAction":[{"@type":"SearchAction","target":{"@type":"EntryPoint","urlTemplate":"https:\/\/priemabv.nl\/de\/?s={search_term_string}"},"query-input":{"@type":"PropertyValueSpecification","valueRequired":true,"valueName":"search_term_string"}}],"inLanguage":"de"},{"@type":"Organization","@id":"https:\/\/priemabv.nl\/de\/#organization","name":"Priema BV","url":"https:\/\/priemabv.nl\/de\/","logo":{"@type":"ImageObject","inLanguage":"de","@id":"https:\/\/priemabv.nl\/de\/#\/schema\/logo\/image\/","url":"https:\/\/priemabv.nl\/wp-content\/uploads\/2016\/02\/facvicon-priemabv.png","contentUrl":"https:\/\/priemabv.nl\/wp-content\/uploads\/2016\/02\/facvicon-priemabv.png","width":157,"height":157,"caption":"Priema BV"},"image":{"@id":"https:\/\/priemabv.nl\/de\/#\/schema\/logo\/image\/"},"sameAs":["https:\/\/www.linkedin.com\/company\/priema-bv","https:\/\/www.youtube.com\/user\/priemabv"]}]}},"_links":{"self":[{"href":"https:\/\/priemabv.nl\/de\/wp-json\/wp\/v2\/pages\/1411","targetHints":{"allow":["GET"]}}],"collection":[{"href":"https:\/\/priemabv.nl\/de\/wp-json\/wp\/v2\/pages"}],"about":[{"href":"https:\/\/priemabv.nl\/de\/wp-json\/wp\/v2\/types\/page"}],"author":[{"embeddable":true,"href":"https:\/\/priemabv.nl\/de\/wp-json\/wp\/v2\/users\/1"}],"replies":[{"embeddable":true,"href":"https:\/\/priemabv.nl\/de\/wp-json\/wp\/v2\/comments?post=1411"}],"version-history":[{"count":0,"href":"https:\/\/priemabv.nl\/de\/wp-json\/wp\/v2\/pages\/1411\/revisions"}],"wp:attachment":[{"href":"https:\/\/priemabv.nl\/de\/wp-json\/wp\/v2\/media?parent=1411"}],"curies":[{"name":"wp","href":"https:\/\/api.w.org\/{rel}","templated":true}]}}